{"id":128,"date":"2021-11-01T10:02:00","date_gmt":"2021-11-01T13:02:00","guid":{"rendered":"http:\/\/carrardgoldmetal.com\/?page_id=128"},"modified":"2026-01-08T09:55:53","modified_gmt":"2026-01-08T12:55:53","slug":"carrard-gold-metal","status":"publish","type":"page","link":"https:\/\/ouramining.com\/en\/","title":{"rendered":"Ouramining Mineradora"},"content":{"rendered":"<div data-elementor-type=\"wp-page\" data-elementor-id=\"128\" class=\"elementor elementor-128\" data-elementor-post-type=\"page\">\n\t\t\t\t\t\t<section class=\"elementor-section elementor-top-section elementor-element elementor-element-34f83797 elementor-section-content-middle elementor-section-boxed elementor-section-height-default elementor-section-height-default\" data-id=\"34f83797\" data-element_type=\"section\" data-settings=\"{&quot;background_background&quot;:&quot;video&quot;,&quot;background_video_link&quot;:&quot;http:\\\/\\\/ouramining.com\\\/wp-content\\\/uploads\\\/2025\\\/02\\\/shutterstock_1107928367.mov&quot;}\">\n\t\t\t\t\t\t\t\t<div class=\"elementor-background-video-container elementor-hidden-mobile\">\n\t\t\t\t\t\t\t\t\t\t\t\t\t<video class=\"elementor-background-video-hosted\" autoplay muted playsinline loop><\/video>\n\t\t\t\t\t\t\t\t\t\t\t<\/div>\n\t\t\t\t\t\t\t\t\t<div class=\"elementor-background-overlay\"><\/div>\n\t\t\t\t\t\t\t<div class=\"elementor-container elementor-column-gap-default\">\n\t\t\t\t\t<div class=\"elementor-column elementor-col-100 elementor-top-column elementor-element elementor-element-7d7b3709\" data-id=\"7d7b3709\" data-element_type=\"column\">\n\t\t\t<div class=\"elementor-widget-wrap elementor-element-populated\">\n\t\t\t\t\t\t<div class=\"elementor-element elementor-element-68e4efc9 elementor-widget elementor-widget-heading\" data-id=\"68e4efc9\" data-element_type=\"widget\" data-widget_type=\"heading.default\">\n\t\t\t\t<div class=\"elementor-widget-container\">\n\t\t\t\t\t<h1 class=\"elementor-heading-title elementor-size-default\">Welcome to <br>\nOura Mining<\/h1>\t\t\t\t<\/div>\n\t\t\t\t<\/div>\n\t\t\t\t<div class=\"elementor-element elementor-element-7f861696 elementor-widget elementor-widget-text-editor\" data-id=\"7f861696\" data-element_type=\"widget\" data-widget_type=\"text-editor.default\">\n\t\t\t\t<div class=\"elementor-widget-container\">\n\t\t\t\t\t\t\t\t\t<p>We are a Brazilian company specialized in operating in the quartz and quartzite markets, supplying high-quality natural materials for industrial, construction, and ornamental applications, with a presence in both national and international markets.<\/p>\t\t\t\t\t\t\t\t<\/div>\n\t\t\t\t<\/div>\n\t\t\t\t<div class=\"elementor-element elementor-element-1c51db98 elementor-mobile-align-center elementor-widget elementor-widget-button\" data-id=\"1c51db98\" data-element_type=\"widget\" data-widget_type=\"button.default\">\n\t\t\t\t<div class=\"elementor-widget-container\">\n\t\t\t\t\t\t\t\t\t<div class=\"elementor-button-wrapper\">\n\t\t\t\t\t<a class=\"elementor-button elementor-button-link elementor-size-lg\" href=\"http:\/\/ouramining.com\/en\/produto\/\">\n\t\t\t\t\t\t<span class=\"elementor-button-content-wrapper\">\n\t\t\t\t\t\t\t\t\t<span class=\"elementor-button-text\">Conhe\u00e7a  nossos produtos<\/span>\n\t\t\t\t\t<\/span>\n\t\t\t\t\t<\/a>\n\t\t\t\t<\/div>\n\t\t\t\t\t\t\t\t<\/div>\n\t\t\t\t<\/div>\n\t\t\t\t\t<\/div>\n\t\t<\/div>\n\t\t\t\t\t<\/div>\n\t\t<\/section>\n\t\t\t\t<section class=\"elementor-section elementor-top-section elementor-element elementor-element-2024595 elementor-section-full_width elementor-section-height-default elementor-section-height-default\" data-id=\"2024595\" data-element_type=\"section\">\n\t\t\t\t\t\t<div class=\"elementor-container elementor-column-gap-default\">\n\t\t\t\t\t<div class=\"elementor-column elementor-col-100 elementor-top-column elementor-element elementor-element-ac81d2b\" data-id=\"ac81d2b\" data-element_type=\"column\">\n\t\t\t<div class=\"elementor-widget-wrap elementor-element-populated\">\n\t\t\t\t\t\t<div class=\"elementor-element elementor-element-d818c0a elementor-widget elementor-widget-html\" data-id=\"d818c0a\" data-element_type=\"widget\" data-widget_type=\"html.default\">\n\t\t\t\t<div class=\"elementor-widget-container\">\n\t\t\t\t\t<!-- TradingView Widget BEGIN -->\n<div class=\"tradingview-widget-container\">\n  <div class=\"tradingview-widget-container__widget\"><\/div>\n  <div class=\"tradingview-widget-copyright\"><a href=\"https:\/\/br.tradingview.com\/\" rel=\"noopener nofollow\" target=\"_blank\"><span class=\"blue-text\">Monitor all markets on TradingView<\/span><\/a><\/div>\n  <script type=\"text\/javascript\" src=\"https:\/\/s3.tradingview.com\/external-embedding\/embed-widget-ticker-tape.js\" async>\n  {\n  \"symbols\": [\n    {\n      \"description\": \"Silver\",\n      \"proName\": \"CAPITALCOM:SILVER\"\n    },\n    {\n      \"description\": \"Gold\",\n      \"proName\": \"OANDA:XAUUSD\"\n    },\n    {\n      \"description\": \"Platinum\",\n      \"proName\": \"CAPITALCOM:PLATINUM\"\n    },\n    {\n      \"description\": \"Palladium\",\n      \"proName\": \"CAPITALCOM:PALLADIUM\"\n    }\n  ],\n  \"showSymbolLogo\": true,\n  \"isTransparent\": false,\n  \"displayMode\": \"adaptive\",\n  \"colorTheme\": \"light\",\n  \"locale\": \"br\"\n}\n  <\/script>\n<\/div>\n<!-- TradingView Widget END -->\t\t\t\t<\/div>\n\t\t\t\t<\/div>\n\t\t\t\t\t<\/div>\n\t\t<\/div>\n\t\t\t\t\t<\/div>\n\t\t<\/section>\n\t\t\t\t<section class=\"elementor-section elementor-top-section elementor-element elementor-element-17fb8882 elementor-section-boxed elementor-section-height-default elementor-section-height-default\" data-id=\"17fb8882\" data-element_type=\"section\" data-settings=\"{&quot;background_background&quot;:&quot;classic&quot;}\">\n\t\t\t\t\t\t<div class=\"elementor-container elementor-column-gap-default\">\n\t\t\t\t\t<div class=\"elementor-column elementor-col-50 elementor-top-column elementor-element elementor-element-1c634fa\" data-id=\"1c634fa\" data-element_type=\"column\">\n\t\t\t<div class=\"elementor-widget-wrap elementor-element-populated\">\n\t\t\t\t\t\t<div class=\"elementor-element elementor-element-3853a6ad elementor-widget elementor-widget-image\" data-id=\"3853a6ad\" data-element_type=\"widget\" data-widget_type=\"image.default\">\n\t\t\t\t<div class=\"elementor-widget-container\">\n\t\t\t\t\t\t\t\t\t\t\t\t\t\t\t<img fetchpriority=\"high\" decoding=\"async\" width=\"2000\" height=\"1333\" src=\"https:\/\/ouramining.com\/wp-content\/uploads\/2025\/02\/01.jpg\" class=\"attachment-full size-full wp-image-1085\" alt=\"\" srcset=\"https:\/\/ouramining.com\/wp-content\/uploads\/2025\/02\/01.jpg 2000w, https:\/\/ouramining.com\/wp-content\/uploads\/2025\/02\/01-300x200.jpg 300w, https:\/\/ouramining.com\/wp-content\/uploads\/2025\/02\/01-1024x682.jpg 1024w, https:\/\/ouramining.com\/wp-content\/uploads\/2025\/02\/01-768x512.jpg 768w, https:\/\/ouramining.com\/wp-content\/uploads\/2025\/02\/01-1536x1024.jpg 1536w\" sizes=\"(max-width: 2000px) 100vw, 2000px\" \/>\t\t\t\t\t\t\t\t\t\t\t\t\t\t\t<\/div>\n\t\t\t\t<\/div>\n\t\t\t\t\t<\/div>\n\t\t<\/div>\n\t\t\t\t<div class=\"elementor-column elementor-col-50 elementor-top-column elementor-element elementor-element-715c250e\" data-id=\"715c250e\" data-element_type=\"column\">\n\t\t\t<div class=\"elementor-widget-wrap elementor-element-populated\">\n\t\t\t\t\t\t<div class=\"elementor-element elementor-element-ccce7dd elementor-widget__width-auto elementor-widget elementor-widget-heading\" data-id=\"ccce7dd\" data-element_type=\"widget\" data-widget_type=\"heading.default\">\n\t\t\t\t<div class=\"elementor-widget-container\">\n\t\t\t\t\t<h6 class=\"elementor-heading-title elementor-size-default\">Somos<\/h6>\t\t\t\t<\/div>\n\t\t\t\t<\/div>\n\t\t\t\t<div class=\"elementor-element elementor-element-7dad43fb elementor-widget elementor-widget-heading\" data-id=\"7dad43fb\" data-element_type=\"widget\" data-widget_type=\"heading.default\">\n\t\t\t\t<div class=\"elementor-widget-container\">\n\t\t\t\t\t<h2 class=\"elementor-heading-title elementor-size-default\">Oura Mining<\/h2>\t\t\t\t<\/div>\n\t\t\t\t<\/div>\n\t\t\t\t<div class=\"elementor-element elementor-element-4cc2d941 elementor-widget elementor-widget-text-editor\" data-id=\"4cc2d941\" data-element_type=\"widget\" data-widget_type=\"text-editor.default\">\n\t\t\t\t<div class=\"elementor-widget-container\">\n\t\t\t\t\t\t\t\t\t<p>Oura Mining is a Brazilian company operating in the quartz and quartzite markets, supplying natural materials for industrial, construction, and ornamental applications, with an established presence in both national and international markets.<\/p><p>The company is recognized for the quality, consistency, and reliability of its materials, positioning itself as a strategic supplier for various segments that require technical performance, standardization, and supply security.<\/p>\t\t\t\t\t\t\t\t<\/div>\n\t\t\t\t<\/div>\n\t\t\t\t<div class=\"elementor-element elementor-element-cd8e75 elementor-mobile-align-center elementor-widget elementor-widget-button\" data-id=\"cd8e75\" data-element_type=\"widget\" data-widget_type=\"button.default\">\n\t\t\t\t<div class=\"elementor-widget-container\">\n\t\t\t\t\t\t\t\t\t<div class=\"elementor-button-wrapper\">\n\t\t\t\t\t<a class=\"elementor-button elementor-button-link elementor-size-md elementor-animation-wobble-horizontal\" href=\"http:\/\/ouramining.com\/en\/quem-somos\/\">\n\t\t\t\t\t\t<span class=\"elementor-button-content-wrapper\">\n\t\t\t\t\t\t<span class=\"elementor-button-icon\">\n\t\t\t\t<i aria-hidden=\"true\" class=\"icon icon-arrow-right\"><\/i>\t\t\t<\/span>\n\t\t\t\t\t\t\t\t\t<span class=\"elementor-button-text\">Read more<\/span>\n\t\t\t\t\t<\/span>\n\t\t\t\t\t<\/a>\n\t\t\t\t<\/div>\n\t\t\t\t\t\t\t\t<\/div>\n\t\t\t\t<\/div>\n\t\t\t\t\t<\/div>\n\t\t<\/div>\n\t\t\t\t\t<\/div>\n\t\t<\/section>\n\t\t\t\t<\/div>","protected":false},"excerpt":{"rendered":"<p>Bem Vindo \u00e0 Oura Mining Somos uma empresa brasileira especializada na atua\u00e7\u00e3o nos mercados de quartzo e quartzito, fornecendo materiais naturais de alta qualidade para aplica\u00e7\u00f5es industriais, construtivas e ornamentais, com presen\u00e7a no mercado nacional e internacional Conhe\u00e7a nossos produtos Monitore todos os mercados no TradingView Somos Oura Mining A Oura Mining \u00e9 uma empresa [&hellip;]<\/p>","protected":false},"author":2,"featured_media":0,"parent":0,"menu_order":0,"comment_status":"closed","ping_status":"closed","template":"elementor_header_footer","meta":{"footnotes":""},"class_list":["post-128","page","type-page","status-publish","hentry"],"_links":{"self":[{"href":"https:\/\/ouramining.com\/en\/wp-json\/wp\/v2\/pages\/128","targetHints":{"allow":["GET"]}}],"collection":[{"href":"https:\/\/ouramining.com\/en\/wp-json\/wp\/v2\/pages"}],"about":[{"href":"https:\/\/ouramining.com\/en\/wp-json\/wp\/v2\/types\/page"}],"author":[{"embeddable":true,"href":"https:\/\/ouramining.com\/en\/wp-json\/wp\/v2\/users\/2"}],"replies":[{"embeddable":true,"href":"https:\/\/ouramining.com\/en\/wp-json\/wp\/v2\/comments?post=128"}],"version-history":[{"count":86,"href":"https:\/\/ouramining.com\/en\/wp-json\/wp\/v2\/pages\/128\/revisions"}],"predecessor-version":[{"id":1208,"href":"https:\/\/ouramining.com\/en\/wp-json\/wp\/v2\/pages\/128\/revisions\/1208"}],"wp:attachment":[{"href":"https:\/\/ouramining.com\/en\/wp-json\/wp\/v2\/media?parent=128"}],"curies":[{"name":"wp","href":"https:\/\/api.w.org\/{rel}","templated":true}]}}